{"id":58,"date":"2021-08-30T01:34:22","date_gmt":"2021-08-30T01:34:22","guid":{"rendered":"https:\/\/abenfisio.com.br\/forum\/?page_id=58"},"modified":"2025-07-29T15:06:21","modified_gmt":"2025-07-29T15:06:21","slug":"programacao","status":"publish","type":"page","link":"https:\/\/abenfisio.com.br\/forum\/programacao\/","title":{"rendered":"Programa\u00e7\u00e3o"},"content":{"rendered":"\n<div class=\"wp-block-group\"><div class=\"wp-block-group__inner-container\">\n<div class=\"wp-block-group\"><div class=\"wp-block-group__inner-container\">\n<div class=\"wp-block-group\"><div class=\"wp-block-group__inner-container\">\n<div class=\"wp-block-file\"><object class=\"wp-block-file__embed\" data=\"https:\/\/abenfisio.com.br\/forum\/wp-content\/uploads\/2025\/07\/Congresso-2025-FEED.pdf\" type=\"application\/pdf\" style=\"width:100%;height:900px\" aria-label=\"Incorpora\u00e7\u00e3o de Programa\u00e7\u00e3o Preliminar.\"><\/object><a href=\"https:\/\/abenfisio.com.br\/forum\/wp-content\/uploads\/2025\/07\/Congresso-2025-FEED.pdf\">Programa\u00e7\u00e3o Preliminar<\/a><a href=\"https:\/\/abenfisio.com.br\/forum\/wp-content\/uploads\/2025\/07\/Congresso-2025-FEED.pdf\" class=\"wp-block-file__button\" download>Descarregar<\/a><\/div>\n<\/div><\/div>\n<\/div><\/div>\n<\/div><\/div>\n","protected":false},"excerpt":{"rendered":"","protected":false},"author":2,"featured_media":0,"parent":0,"menu_order":0,"comment_status":"closed","ping_status":"closed","template":"","meta":[],"_links":{"self":[{"href":"https:\/\/abenfisio.com.br\/forum\/wp-json\/wp\/v2\/pages\/58"}],"collection":[{"href":"https:\/\/abenfisio.com.br\/forum\/wp-json\/wp\/v2\/pages"}],"about":[{"href":"https:\/\/abenfisio.com.br\/forum\/wp-json\/wp\/v2\/types\/page"}],"author":[{"embeddable":true,"href":"https:\/\/abenfisio.com.br\/forum\/wp-json\/wp\/v2\/users\/2"}],"replies":[{"embeddable":true,"href":"https:\/\/abenfisio.com.br\/forum\/wp-json\/wp\/v2\/comments?post=58"}],"version-history":[{"count":50,"href":"https:\/\/abenfisio.com.br\/forum\/wp-json\/wp\/v2\/pages\/58\/revisions"}],"predecessor-version":[{"id":525,"href":"https:\/\/abenfisio.com.br\/forum\/wp-json\/wp\/v2\/pages\/58\/revisions\/525"}],"wp:attachment":[{"href":"https:\/\/abenfisio.com.br\/forum\/wp-json\/wp\/v2\/media?parent=58"}],"curies":[{"name":"wp","href":"https:\/\/api.w.org\/{rel}","templated":true}]}}